{"id":22,"date":"2025-08-24T20:40:16","date_gmt":"2025-08-24T20:40:16","guid":{"rendered":"https:\/\/www.emlandscapedesignllc.com\/?page_id=22"},"modified":"2025-08-24T22:27:46","modified_gmt":"2025-08-24T22:27:46","slug":"about-us","status":"publish","type":"page","link":"https:\/\/www.emlandscapedesignllc.com\/es\/about-us\/","title":{"rendered":"ACERCA DE NOSOTROS"},"content":{"rendered":"<div data-elementor-type=\"wp-page\" data-elementor-id=\"22\" class=\"elementor elementor-22\" data-elementor-post-type=\"page\">\n\t\t\t\t\t\t<section class=\"elementor-section elementor-top-section elementor-element elementor-element-21542f22 elementor-section-height-min-height elementor-section-content-middle elementor-section-boxed elementor-section-height-default elementor-section-items-middle\" data-id=\"21542f22\" data-element_type=\"section\" data-e-type=\"section\" data-settings=\"{&quot;background_background&quot;:&quot;classic&quot;,&quot;shape_divider_bottom&quot;:&quot;waves&quot;}\">\n\t\t\t\t\t\t\t<div class=\"elementor-background-overlay\"><\/div>\n\t\t\t\t\t\t<div class=\"elementor-shape elementor-shape-bottom\" aria-hidden=\"true\" data-negative=\"false\">\n\t\t\t<svg xmlns=\"http:\/\/www.w3.org\/2000\/svg\" viewbox=\"0 0 1000 100\" preserveaspectratio=\"none\">\n\t<path class=\"elementor-shape-fill\" d=\"M421.9,6.5c22.6-2.5,51.5,0.4,75.5,5.3c23.6,4.9,70.9,23.5,100.5,35.7c75.8,32.2,133.7,44.5,192.6,49.7\tc23.6,2.1,48.7,3.5,103.4-2.5c54.7-6,106.2-25.6,106.2-25.6V0H0v30.3c0,0,72,32.6,158.4,30.5c39.2-0.7,92.8-6.7,134-22.4\tc21.2-8.1,52.2-18.2,79.7-24.2C399.3,7.9,411.6,7.5,421.9,6.5z\"\/>\n<\/svg>\t\t<\/div>\n\t\t\t\t\t<div class=\"elementor-container elementor-column-gap-no\">\n\t\t\t\t\t<div class=\"elementor-column elementor-col-100 elementor-top-column elementor-element elementor-element-e498833\" data-id=\"e498833\" data-element_type=\"column\" data-e-type=\"column\" data-settings=\"{&quot;background_background&quot;:&quot;classic&quot;}\">\n\t\t\t<div class=\"elementor-widget-wrap elementor-element-populated\">\n\t\t\t\t\t\t<div class=\"elementor-element elementor-element-7a4d8aa3 elementor-widget elementor-widget-heading\" data-id=\"7a4d8aa3\" data-element_type=\"widget\" data-e-type=\"widget\" data-widget_type=\"heading.default\">\n\t\t\t\t\t<h1 class=\"elementor-heading-title elementor-size-default\">Acerca De Nosotros<\/h1>\t\t\t\t<\/div>\n\t\t\t\t\t<\/div>\n\t\t<\/div>\n\t\t\t\t\t<\/div>\n\t\t<\/section>\n\t\t\t\t<section class=\"elementor-section elementor-top-section elementor-element elementor-element-794df6b9 elementor-section-boxed elementor-section-height-default elementor-section-height-default\" data-id=\"794df6b9\" data-element_type=\"section\" data-e-type=\"section\" data-settings=\"{&quot;background_background&quot;:&quot;classic&quot;,&quot;shape_divider_bottom&quot;:&quot;waves&quot;}\">\n\t\t\t\t\t<div class=\"elementor-shape elementor-shape-bottom\" aria-hidden=\"true\" data-negative=\"false\">\n\t\t\t<svg xmlns=\"http:\/\/www.w3.org\/2000\/svg\" viewbox=\"0 0 1000 100\" preserveaspectratio=\"none\">\n\t<path class=\"elementor-shape-fill\" d=\"M421.9,6.5c22.6-2.5,51.5,0.4,75.5,5.3c23.6,4.9,70.9,23.5,100.5,35.7c75.8,32.2,133.7,44.5,192.6,49.7\tc23.6,2.1,48.7,3.5,103.4-2.5c54.7-6,106.2-25.6,106.2-25.6V0H0v30.3c0,0,72,32.6,158.4,30.5c39.2-0.7,92.8-6.7,134-22.4\tc21.2-8.1,52.2-18.2,79.7-24.2C399.3,7.9,411.6,7.5,421.9,6.5z\"\/>\n<\/svg>\t\t<\/div>\n\t\t\t\t\t<div class=\"elementor-container elementor-column-gap-no\">\n\t\t\t\t\t<div class=\"elementor-column elementor-col-100 elementor-top-column elementor-element elementor-element-247e3d95\" data-id=\"247e3d95\" data-element_type=\"column\" data-e-type=\"column\">\n\t\t\t<div class=\"elementor-widget-wrap elementor-element-populated\">\n\t\t\t\t\t\t<section class=\"elementor-section elementor-inner-section elementor-element elementor-element-bb9b3f4 elementor-section-boxed elementor-section-height-default elementor-section-height-default\" data-id=\"bb9b3f4\" data-element_type=\"section\" data-e-type=\"section\">\n\t\t\t\t\t\t<div class=\"elementor-container elementor-column-gap-no\">\n\t\t\t\t\t<div class=\"elementor-column elementor-col-50 elementor-inner-column elementor-element elementor-element-10fe9a83\" data-id=\"10fe9a83\" data-element_type=\"column\" data-e-type=\"column\">\n\t\t\t<div class=\"elementor-widget-wrap elementor-element-populated\">\n\t\t\t\t\t\t<div class=\"elementor-element elementor-element-1de0fae6 elementor-widget-divider--view-line_icon elementor-view-default elementor-widget-divider--element-align-center elementor-widget elementor-widget-divider\" data-id=\"1de0fae6\" data-element_type=\"widget\" data-e-type=\"widget\" data-widget_type=\"divider.default\">\n\t\t\t\t\t\t\t<div class=\"elementor-divider\">\n\t\t\t<span class=\"elementor-divider-separator\">\n\t\t\t\t\t\t\t<div class=\"elementor-icon elementor-divider__element\">\n\t\t\t\t\t<i aria-hidden=\"true\" class=\"icon icon-Leaf\"><\/i><\/div>\n\t\t\t\t\t\t<\/span>\n\t\t<\/div>\n\t\t\t\t\t\t<\/div>\n\t\t\t\t<div class=\"elementor-element elementor-element-66360b68 elementor-widget elementor-widget-heading\" data-id=\"66360b68\" data-element_type=\"widget\" data-e-type=\"widget\" data-widget_type=\"heading.default\">\n\t\t\t\t\t<h3 class=\"elementor-heading-title elementor-size-default\">Creamos el paisaje ideal para tu patio<\/h3>\t\t\t\t<\/div>\n\t\t\t\t\t<\/div>\n\t\t<\/div>\n\t\t\t\t<div class=\"elementor-column elementor-col-50 elementor-inner-column elementor-element elementor-element-3e3ef3e6\" data-id=\"3e3ef3e6\" data-element_type=\"column\" data-e-type=\"column\">\n\t\t\t<div class=\"elementor-widget-wrap elementor-element-populated\">\n\t\t\t\t\t\t<div class=\"elementor-element elementor-element-51a3498c elementor-widget elementor-widget-text-editor\" data-id=\"51a3498c\" data-element_type=\"widget\" data-e-type=\"widget\" data-widget_type=\"text-editor.default\">\n\t\t\t\t\t\t\t\t\t<p>EM Paisaje y Mejorar el Dise\u00f1o de la LLC crear un hermoso, relajante, c\u00f3modo y paisaje de tu espacio al aire libre. Trabajamos como un equipo dedicado y experimentado, paisajistas, quienes est\u00e1n comprometidos con la creaci\u00f3n de impresionantes espacios al aire libre que reflejan los estilos \u00fanicos y necesidades de nuestros clientes. Estamos enfocados en brindar siempre un mejor servicio a superar las expectativas de nuestros clientes, ofreciendo servicios que incluyen: dise\u00f1o de Paisaje, Paisaje, servicios de jardiner\u00eda, servicios de cuidado del C\u00e9sped, C\u00e9sped, instalaci\u00f3n, picado de servicios, al aire libre, soluciones de drenaje y Empedrado de jardiner\u00eda, tales como pasarelas, pavimentos, terrazas, muros de contenci\u00f3n y construcci\u00f3n.<\/p><p>Pregunte acerca de los servicios de jardiner\u00eda que usted necesita; siempre estamos listos para servirle con la calidad que usted merece.<\/p>\t\t\t\t\t\t\t\t<\/div>\n\t\t\t\t\t<\/div>\n\t\t<\/div>\n\t\t\t\t\t<\/div>\n\t\t<\/section>\n\t\t\t\t\t<\/div>\n\t\t<\/div>\n\t\t\t\t\t<\/div>\n\t\t<\/section>\n\t\t<div class=\"elementor-element elementor-element-68342622 e-flex e-con-boxed e-con e-parent\" data-id=\"68342622\" data-element_type=\"container\" data-e-type=\"container\" data-settings=\"{&quot;background_background&quot;:&quot;classic&quot;}\">\n\t\t\t\t\t<div class=\"e-con-inner\">\n\t\t<div class=\"elementor-element elementor-element-60cfe18 e-con-full e-flex e-con e-child\" data-id=\"60cfe18\" data-element_type=\"container\" data-e-type=\"container\">\n\t\t<div class=\"elementor-element elementor-element-12d4255 e-con-full e-flex e-con e-child\" data-id=\"12d4255\" data-element_type=\"container\" data-e-type=\"container\">\n\t\t<div class=\"elementor-element elementor-element-22b489a9 e-con-full e-flex e-con e-child\" data-id=\"22b489a9\" data-element_type=\"container\" data-e-type=\"container\">\n\t\t\t\t<div class=\"elementor-element elementor-element-4f70b8db elementor-widget elementor-widget-elementskit-heading\" data-id=\"4f70b8db\" data-element_type=\"widget\" data-e-type=\"widget\" data-widget_type=\"elementskit-heading.default\">\n\t\t\t\t\t<div class=\"ekit-wid-con\" ><div class=\"ekit-heading elementskit-section-title-wraper text_center   ekit_heading_tablet-   ekit_heading_mobile-\"><h2 class=\"ekit-heading--title elementskit-section-title\">Paisaje <span><span>los dise\u00f1adores<\/span><\/span> los que son expertos en la transformaci\u00f3n de sus espacios.<\/h2>\t\t\t\t<div class='ekit-heading__description'>\n\t\t\t\t\t<p>Conozca a los expertos en la creaci\u00f3n personalizada de los paisajes de acuerdo a los gustos y necesidades de nuestros clientes.<\/p>\n\t\t\t\t<\/div>\n\t\t\t<\/div><\/div>\t\t\t\t<\/div>\n\t\t\t\t<\/div>\n\t\t\t\t<\/div>\n\t\t<div class=\"elementor-element elementor-element-5bb79680 e-con-full e-flex e-con e-child\" data-id=\"5bb79680\" data-element_type=\"container\" data-e-type=\"container\">\n\t\t<div class=\"elementor-element elementor-element-15849b79 e-con-full e-flex e-con e-child\" data-id=\"15849b79\" data-element_type=\"container\" data-e-type=\"container\">\n\t\t\t\t<div class=\"elementor-element elementor-element-3f1cf8ed ekit-equal-height-disable elementor-widget elementor-widget-elementskit-icon-box\" data-id=\"3f1cf8ed\" data-element_type=\"widget\" data-e-type=\"widget\" data-settings=\"{&quot;_animation&quot;:&quot;none&quot;}\" data-widget_type=\"elementskit-icon-box.default\">\n\t\t\t\t\t<div class=\"ekit-wid-con\" >        <!-- link opening -->\n                <a href=\"#\" class=\"ekit_global_links\">\n                <!-- end link opening -->\n\n        <div class=\"elementskit-infobox text-center text- icon-top-align elementor-animation-\">\n                    <div class=\"elementskit-box-header elementor-animation-\">\n                <div class=\"elementskit-info-box-icon\">\n                    <i aria-hidden=\"true\" class=\"elementkit-infobox-icon icon icon-cog\"><\/i>\n                <\/div>\n          <\/div>\n                        <div class=\"box-body\">\n                            <h3 class=\"elementskit-info-box-title\">\n                    MISI\u00d3N                <\/h3>\n                        \t\t  \t<p>Para proporcionar a los profesionales del paisajismo y hardscaping servicios a nuestros clientes residenciales y comerciales en el estado de Georgia. Trabajando con un equipo de paisajistas profesionales enfocados en garantizar c\u00f3modo dise\u00f1os y espacios que combinan el medio ambiente con el gusto del consumidor. <\/p>\n                                <\/div>\n        \n        \n                <\/div>\n                <\/a>\n        <\/div>\t\t\t\t<\/div>\n\t\t\t\t<\/div>\n\t\t<div class=\"elementor-element elementor-element-3fa9a7f2 e-con-full e-flex e-con e-child\" data-id=\"3fa9a7f2\" data-element_type=\"container\" data-e-type=\"container\">\n\t\t\t\t<div class=\"elementor-element elementor-element-277a559f ekit-equal-height-disable elementor-widget elementor-widget-elementskit-icon-box\" data-id=\"277a559f\" data-element_type=\"widget\" data-e-type=\"widget\" data-settings=\"{&quot;_animation&quot;:&quot;none&quot;}\" data-widget_type=\"elementskit-icon-box.default\">\n\t\t\t\t\t<div class=\"ekit-wid-con\" >        <!-- link opening -->\n                <a href=\"#\" class=\"ekit_global_links\">\n                <!-- end link opening -->\n\n        <div class=\"elementskit-infobox text-center text- icon-top-align elementor-animation-\">\n                    <div class=\"elementskit-box-header elementor-animation-\">\n                <div class=\"elementskit-info-box-icon\">\n                    <i aria-hidden=\"true\" class=\"elementkit-infobox-icon icon icon-eye\"><\/i>\n                <\/div>\n          <\/div>\n                        <div class=\"box-body\">\n                            <h3 class=\"elementskit-info-box-title\">\n                    La VISI\u00d3N                <\/h3>\n                        \t\t  \t<p>Para ser reconocido como el l\u00edder de la jardiner\u00eda y hardscaping empresa en Marietta, GA, estados UNIDOS, se centr\u00f3 en proporcionar exclusivo y un servicio profesional, personalizado de atenci\u00f3n al cliente. Comprometidos con el embellecimiento y la adici\u00f3n de la funcionalidad de los espacios exteriores en propiedades, superando las expectativas de nuestros clientes.<\/p>\n                                <\/div>\n        \n        \n                <\/div>\n                <\/a>\n        <\/div>\t\t\t\t<\/div>\n\t\t\t\t<\/div>\n\t\t<div class=\"elementor-element elementor-element-425624c0 e-con-full e-flex e-con e-child\" data-id=\"425624c0\" data-element_type=\"container\" data-e-type=\"container\">\n\t\t\t\t<div class=\"elementor-element elementor-element-343ece5b ekit-equal-height-disable elementor-widget elementor-widget-elementskit-icon-box\" data-id=\"343ece5b\" data-element_type=\"widget\" data-e-type=\"widget\" data-settings=\"{&quot;_animation&quot;:&quot;none&quot;}\" data-widget_type=\"elementskit-icon-box.default\">\n\t\t\t\t\t<div class=\"ekit-wid-con\" >        <!-- link opening -->\n                <a href=\"#\" class=\"ekit_global_links\">\n                <!-- end link opening -->\n\n        <div class=\"elementskit-infobox text-center text- icon-top-align elementor-animation-\">\n                    <div class=\"elementskit-box-header elementor-animation-\">\n                <div class=\"elementskit-info-box-icon\">\n                    <i aria-hidden=\"true\" class=\"elementkit-infobox-icon icon icon-laptop-phone\"><\/i>\n                <\/div>\n          <\/div>\n                        <div class=\"box-body\">\n                            <h3 class=\"elementskit-info-box-title\">\n                    Los VALORES de                <\/h3>\n                        \t\t  \t<p>El Trabajo En Equipo, Responsabilidad, Honestidad, Profesionalismo, Compromiso<\/p>\n                                <\/div>\n        \n        \n                <\/div>\n                <\/a>\n        <\/div>\t\t\t\t<\/div>\n\t\t\t\t<\/div>\n\t\t\t\t<\/div>\n\t\t\t\t<\/div>\n\t\t\t\t\t<\/div>\n\t\t\t\t<\/div>\n\t\t<div class=\"elementor-element elementor-element-6cfc3229 e-flex e-con-boxed e-con e-parent\" data-id=\"6cfc3229\" data-element_type=\"container\" data-e-type=\"container\">\n\t\t\t\t\t<div class=\"e-con-inner\">\n\t\t\t\t<div class=\"elementor-element elementor-element-760b2473 elementor-widget__width-inherit ekit-image-accordion-horizontal ekit-image-accordion-click elementor-widget elementor-widget-elementskit-image-accordion\" data-id=\"760b2473\" data-element_type=\"widget\" data-e-type=\"widget\" data-widget_type=\"elementskit-image-accordion.default\">\n\t\t\t\t<div class=\"elementor-widget-container\">\n\t\t\t\t\t<div class=\"ekit-wid-con\" >\t\t<div class=\"ekit-image-accordion elementskit-image-accordion-wraper\">\n\t\t\t                <input type=\"radio\" name=\"ekit_ia_760b2473\" id=\"ekit_ia_760b2473_0\" class=\"elementskit-single-image-accordion--input\" hidden>\n                <label for=\"ekit_ia_760b2473_0\" class=\"elementskit-single-image-accordion ekit-image-accordion-item lazyload\" style=\"background-image:inherit\" data-bg-image=\"url(https:\/\/www.emlandscapedesignllc.com\/wp-content\/uploads\/2025\/08\/IMG-20250729-WA0136-1.jpg)\">\n                    <span class=\"elementskit-accordion-content\">\n\t\t\t\t\t\t\t\t\t\t\t\t\t<span class=\"elementskit-accordion-title-wraper\">\n\t\t\t\t\t\t\t\t<span class=\"elementskit-accordion-title\">\n\t\t\t\t\t\t\t\t\n\t\t\t\t\t\t\t\t\n\t\t\t\t\t\t\t\t\t\t\t\t\t\t\t\t<\/span>\n\t\t\t\t\t\t\t<\/span>\n\t\t\t\t\t\t\t                    <\/span>\n                <\/label>\n                            <input type=\"radio\" name=\"ekit_ia_760b2473\" id=\"ekit_ia_760b2473_1\" class=\"elementskit-single-image-accordion--input\" hidden>\n                <label for=\"ekit_ia_760b2473_1\" class=\"elementskit-single-image-accordion ekit-image-accordion-item lazyload\" style=\"background-image:inherit\" data-bg-image=\"url(https:\/\/www.emlandscapedesignllc.com\/wp-content\/uploads\/2025\/08\/IMG-20250729-WA0135.jpg)\">\n                    <span class=\"elementskit-accordion-content\">\n\t\t\t\t\t\t\t\t\t\t\t\t\t<span class=\"elementskit-accordion-title-wraper\">\n\t\t\t\t\t\t\t\t<span class=\"elementskit-accordion-title\">\n\t\t\t\t\t\t\t\t\n\t\t\t\t\t\t\t\t\n\t\t\t\t\t\t\t\t\t\t\t\t\t\t\t\t<\/span>\n\t\t\t\t\t\t\t<\/span>\n\t\t\t\t\t\t\t                    <\/span>\n                <\/label>\n                            <input type=\"radio\" name=\"ekit_ia_760b2473\" id=\"ekit_ia_760b2473_2\" class=\"elementskit-single-image-accordion--input\" hidden>\n                <label for=\"ekit_ia_760b2473_2\" class=\"elementskit-single-image-accordion ekit-image-accordion-item lazyload\" style=\"background-image:inherit\" data-bg-image=\"url(https:\/\/www.emlandscapedesignllc.com\/wp-content\/uploads\/2025\/08\/IMG-20250729-WA0125.jpg)\">\n                    <span class=\"elementskit-accordion-content\">\n\t\t\t\t\t\t\t\t\t\t\t\t\t<span class=\"elementskit-accordion-title-wraper\">\n\t\t\t\t\t\t\t\t<span class=\"elementskit-accordion-title\">\n\t\t\t\t\t\t\t\t\n\t\t\t\t\t\t\t\t\n\t\t\t\t\t\t\t\t\t\t\t\t\t\t\t\t<\/span>\n\t\t\t\t\t\t\t<\/span>\n\t\t\t\t\t\t\t                    <\/span>\n                <\/label>\n                            <input type=\"radio\" name=\"ekit_ia_760b2473\" id=\"ekit_ia_760b2473_3\" class=\"elementskit-single-image-accordion--input\" hidden>\n                <label for=\"ekit_ia_760b2473_3\" class=\"elementskit-single-image-accordion ekit-image-accordion-item lazyload\" style=\"background-image:inherit\" data-bg-image=\"url(https:\/\/www.emlandscapedesignllc.com\/wp-content\/uploads\/2025\/08\/IMG-20250729-WA0138.jpg)\">\n                    <span class=\"elementskit-accordion-content\">\n\t\t\t\t\t\t\t\t\t\t\t\t\t<span class=\"elementskit-accordion-title-wraper\">\n\t\t\t\t\t\t\t\t<span class=\"elementskit-accordion-title\">\n\t\t\t\t\t\t\t\t\n\t\t\t\t\t\t\t\t\n\t\t\t\t\t\t\t\t\t\t\t\t\t\t\t\t<\/span>\n\t\t\t\t\t\t\t<\/span>\n\t\t\t\t\t\t\t                    <\/span>\n                <\/label>\n                            <input type=\"radio\" name=\"ekit_ia_760b2473\" id=\"ekit_ia_760b2473_4\" class=\"elementskit-single-image-accordion--input\" hidden>\n                <label for=\"ekit_ia_760b2473_4\" class=\"elementskit-single-image-accordion ekit-image-accordion-item lazyload\" style=\"background-image:inherit\" data-bg-image=\"url(https:\/\/www.emlandscapedesignllc.com\/wp-content\/uploads\/2025\/08\/IMG-20250729-WA0146.jpg)\">\n                    <span class=\"elementskit-accordion-content\">\n\t\t\t\t\t\t\t\t\t\t\t\t\t<span class=\"elementskit-accordion-title-wraper\">\n\t\t\t\t\t\t\t\t<span class=\"elementskit-accordion-title\">\n\t\t\t\t\t\t\t\t\n\t\t\t\t\t\t\t\t\n\t\t\t\t\t\t\t\t\t\t\t\t\t\t\t\t<\/span>\n\t\t\t\t\t\t\t<\/span>\n\t\t\t\t\t\t\t                    <\/span>\n                <\/label>\n                            <input type=\"radio\" name=\"ekit_ia_760b2473\" id=\"ekit_ia_760b2473_5\" class=\"elementskit-single-image-accordion--input\" hidden>\n                <label for=\"ekit_ia_760b2473_5\" class=\"elementskit-single-image-accordion ekit-image-accordion-item lazyload\" style=\"background-image:inherit\" data-bg-image=\"url(https:\/\/www.emlandscapedesignllc.com\/wp-content\/uploads\/2025\/08\/IMG-20250729-WA0133-1.jpg)\">\n                    <span class=\"elementskit-accordion-content\">\n\t\t\t\t\t\t\t\t\t\t\t\t\t<span class=\"elementskit-accordion-title-wraper\">\n\t\t\t\t\t\t\t\t<span class=\"elementskit-accordion-title\">\n\t\t\t\t\t\t\t\t\n\t\t\t\t\t\t\t\t\n\t\t\t\t\t\t\t\t\t\t\t\t\t\t\t\t<\/span>\n\t\t\t\t\t\t\t<\/span>\n\t\t\t\t\t\t\t                    <\/span>\n                <\/label>\n                    <\/div>\n    <\/div>\t\t\t\t<\/div>\n\t\t\t\t<\/div>\n\t\t\t\t\t<\/div>\n\t\t\t\t<\/div>\n\t\t\t\t<\/div>","protected":false},"excerpt":{"rendered":"<p>About Us We create the ideal landscape for your yard. EM Landscape &amp; Hardscape Design LLC will create a beautiful, relaxing, and comfortable landscape for your outdoor space. We work as a team with dedicated and experienced landscapers who are committed to creating stunning outdoor spaces that reflect the unique styles and needs of our [&hellip;]<\/p>\n","protected":false},"author":1,"featured_media":0,"parent":0,"menu_order":0,"comment_status":"closed","ping_status":"closed","template":"elementor_header_footer","meta":{"footnotes":""},"class_list":["post-22","page","type-page","status-publish","hentry"],"_links":{"self":[{"href":"https:\/\/www.emlandscapedesignllc.com\/es\/wp-json\/wp\/v2\/pages\/22","targetHints":{"allow":["GET"]}}],"collection":[{"href":"https:\/\/www.emlandscapedesignllc.com\/es\/wp-json\/wp\/v2\/pages"}],"about":[{"href":"https:\/\/www.emlandscapedesignllc.com\/es\/wp-json\/wp\/v2\/types\/page"}],"author":[{"embeddable":true,"href":"https:\/\/www.emlandscapedesignllc.com\/es\/wp-json\/wp\/v2\/users\/1"}],"replies":[{"embeddable":true,"href":"https:\/\/www.emlandscapedesignllc.com\/es\/wp-json\/wp\/v2\/comments?post=22"}],"version-history":[{"count":19,"href":"https:\/\/www.emlandscapedesignllc.com\/es\/wp-json\/wp\/v2\/pages\/22\/revisions"}],"predecessor-version":[{"id":344,"href":"https:\/\/www.emlandscapedesignllc.com\/es\/wp-json\/wp\/v2\/pages\/22\/revisions\/344"}],"wp:attachment":[{"href":"https:\/\/www.emlandscapedesignllc.com\/es\/wp-json\/wp\/v2\/media?parent=22"}],"curies":[{"name":"wp","href":"https:\/\/api.w.org\/{rel}","templated":true}]}}